{"id":642,"date":"2024-08-09T15:47:06","date_gmt":"2024-08-09T13:47:06","guid":{"rendered":"https:\/\/madridwithkids.com\/madrid-with-kids\/"},"modified":"2026-04-19T16:02:44","modified_gmt":"2026-04-19T14:02:44","slug":"madrid-with-kids","status":"publish","type":"page","link":"https:\/\/madridwithkids.com\/es\/","title":{"rendered":"Madrid con Peques"},"content":{"rendered":"<p><span><a href=\"https:\/\/madridwithkids.com\/\" target=\"_blank\"><img decoding=\"async\" alt=\"\" data-id=\"1007\" width=\"25\" data-init-width=\"128\" height=\"25\" data-init-height=\"128\" title=\"\" loading=\"lazy\" src=\"https:\/\/madridwithkids.com\/wp-content\/uploads\/2026\/04\/hat-3.png\" data-width=\"25\" data-height=\"25\" style=\"aspect-ratio: auto 128 \/ 128;\" data-link-wrap=\"true\"><\/a><\/span><\/p>\n<p style=\"text-align: center;\"><\/p>\n<p style=\"text-align: center;\">menos planificaci\u00f3n, <br \/>m\u00e1s diversi\u00f3n<\/p>\n<p style=\"text-align: center;\">\u00danete a <span style=\"text-decoration: underline;\">miles de mam\u00e1s y pap\u00e1s en Madrid<\/span> que ya est\u00e1n descubriendo los mejores planes con peques, cada semana en tu correo, gratis<\/p>\n<p style=\"text-align: center;\">Si el correo de bienvenida no aparece, probablemente est\u00e9 de fiesta en el spam.<\/p>\n<p><span><img decoding=\"async\" alt=\"\" data-id=\"1895\" width=\"368\" data-init-width=\"1006\" height=\"56\" data-init-height=\"154\" title=\"\" loading=\"lazy\" src=\"https:\/\/madridwithkids.com\/wp-content\/uploads\/2026\/04\/Screen-Shot-2026-04-19-at-12.01.49-AM.png\" data-width=\"368\" data-height=\"56\" style=\"aspect-ratio: auto 1006 \/ 154;\"><\/span><\/p>\n<p><span>6 events found.<\/span><\/p>\n<h1>Events<\/h1>\n<ul>\n<li><ahref=\"https:\/\/madridwithkids.com\/es\/events\/photo\/?attachment=admin-ajax.php&#038;shortcode=70fd4331&#038;eventDisplay=past\"aria-label=\"Previous Events\"title=\"Previous Events\"data-js=\"tribe-events-view-link\"><\/a><\/li>\n<li><ahref=\"https:\/\/madridwithkids.com\/es\/events\/photo\/page\/2\/?shortcode=70fd4331\"aria-label=\"Next Events\"title=\"Next Events\"data-js=\"tribe-events-view-link\"><\/a><\/li>\n<\/ul>\n<p><ahref=\"https:\/\/madridwithkids.com\/es\/events\/photo\/?attachment=admin-ajax.php&#038;shortcode=70fd4331\"data-js=\"tribe-events-view-link\"aria-description=\"Click to select today&#039;s date\">Today<\/a><span>Now<\/span><span>Now<\/span><span> &#8211; <\/span><span>25\/4\/2026<\/span><span>April 25<\/span>Select date.<h2id=\"tribe-events-photo-view-heading\">List of events in Photo View<\/h2>\n<ul aria-labelledby=\"tribe-events-photo-view-heading\">\n<li ><ahref=\"https:\/\/madridwithkids.com\/es\/event\/quieres-viajar-conmigo-sube-al-tren-de-la-musica\/2026-04-19\/2\/\"rel=\"bookmark\"><span>\u00bfQuieres viajar conmigo? Sube al tren de la m\u00fasica<\/span><imgsrc=\"https:\/\/madridwithkids.com\/wp-content\/uploads\/2026\/04\/Untitled-design-2026-04-04T205526.430.png\"role=\"presentation\"srcset=\"https:\/\/madridwithkids.com\/wp-content\/uploads\/2026\/04\/Untitled-design-2026-04-04T205526.430-300x169.png 300w, https:\/\/madridwithkids.com\/wp-content\/uploads\/2026\/04\/Untitled-design-2026-04-04T205526.430.png 640w\"alt=\"\"width=\"640\"height=\"360\"\/><\/a><span>Apr<\/span><span>19<\/span><br \/>\n<h3><ahref=\"https:\/\/madridwithkids.com\/es\/event\/quieres-viajar-conmigo-sube-al-tren-de-la-musica\/2026-04-19\/2\/\"title=\"\u00bfQuieres viajar conmigo? Sube al tren de la m\u00fasica\"rel=\"bookmark\">\u00bfQuieres viajar conmigo? Sube al tren de la m\u00fasica<\/a><\/h3>\n<p>5:30 pm<span> &#8211; <\/span>6:30 pm<span><\/span>Concierto<span>\u20ac4<\/span><\/li>\n<li ><ahref=\"https:\/\/madridwithkids.com\/es\/event\/mariposas-del-jardin\/2026-04-19\/\"rel=\"bookmark\"><span>Mariposas del Jard\u00edn<\/span><imgsrc=\"https:\/\/madridwithkids.com\/wp-content\/uploads\/2026\/04\/Diseno-sin-titulo-2.png\"role=\"presentation\"srcset=\"https:\/\/madridwithkids.com\/wp-content\/uploads\/2026\/04\/Diseno-sin-titulo-2-300x169.png 300w, https:\/\/madridwithkids.com\/wp-content\/uploads\/2026\/04\/Diseno-sin-titulo-2.png 640w\"alt=\"\"title=\"Dise\u00f1o sin t\u00edtulo (2)\"width=\"640\"height=\"360\"\/><\/a><span>Apr<\/span><span>19<\/span><br \/>\n<h3><ahref=\"https:\/\/madridwithkids.com\/es\/event\/mariposas-del-jardin\/2026-04-19\/\"title=\"Mariposas del Jard\u00edn\"rel=\"bookmark\">Mariposas del Jard\u00edn<\/a><\/h3>\n<p>6:30 pm<span><ahref=\"https:\/\/madridwithkids.com\/es\/series\/taller-mariposas-del-jardin\/\"aria-label=\"Event series: Taller: Mariposas del Jard\u00edn\"><\/a><\/span><span><\/span>Taller<span>\u20ac10<\/span><\/li>\n<li ><ahref=\"https:\/\/madridwithkids.com\/es\/event\/taller-de-ilustracion-cientifica-el-jardin-vertical\/2026-04-25\/1\/\"rel=\"bookmark\"><span>Taller de Ilustraci\u00f3n Cient\u00edfica: El Jard\u00edn Vertical<\/span><imgsrc=\"https:\/\/madridwithkids.com\/wp-content\/uploads\/2026\/04\/Untitled-design-2026-04-05T185039.274.png\"role=\"presentation\"srcset=\"https:\/\/madridwithkids.com\/wp-content\/uploads\/2026\/04\/Untitled-design-2026-04-05T185039.274-300x169.png 300w, https:\/\/madridwithkids.com\/wp-content\/uploads\/2026\/04\/Untitled-design-2026-04-05T185039.274.png 640w\"alt=\"\"title=\"Untitled design &#8211; 2026-04-05T185039.274\"width=\"640\"height=\"360\"\/><\/a><span>Apr<\/span><span>25<\/span><br \/>\n<h3><ahref=\"https:\/\/madridwithkids.com\/es\/event\/taller-de-ilustracion-cientifica-el-jardin-vertical\/2026-04-25\/1\/\"title=\"Taller de Ilustraci\u00f3n Cient\u00edfica: El Jard\u00edn Vertical\"rel=\"bookmark\">Taller de Ilustraci\u00f3n Cient\u00edfica: El Jard\u00edn Vertical<\/a><\/h3>\n<p>12:00 pm<span> &#8211; <\/span>1:00 pm<span><ahref=\"https:\/\/madridwithkids.com\/es\/series\/taller-de-ilustracion-cientifica-el-jardin-vertical-2\/\"aria-label=\"Event series: Taller de Ilustraci\u00f3n Cient\u00edfica: El Jard\u00edn Vertical\"><\/a><\/span><span><\/span>Taller<span>\u20ac4<\/span><\/li>\n<li ><ahref=\"https:\/\/madridwithkids.com\/es\/event\/family-reading-time-at-the-library-red\/\"rel=\"bookmark\"><span>Family Reading Time at the Library: Red<\/span><imgsrc=\"https:\/\/madridwithkids.com\/wp-content\/uploads\/2026\/04\/Diseno-sin-titulo-15.png\"role=\"presentation\"srcset=\"https:\/\/madridwithkids.com\/wp-content\/uploads\/2026\/04\/Diseno-sin-titulo-15-300x169.png 300w, https:\/\/madridwithkids.com\/wp-content\/uploads\/2026\/04\/Diseno-sin-titulo-15.png 640w\"alt=\"\"title=\"Dise\u00f1o sin t\u00edtulo (15)\"width=\"640\"height=\"360\"\/><\/a><span>Apr<\/span><span>25<\/span><br \/>\n<h3><ahref=\"https:\/\/madridwithkids.com\/es\/event\/family-reading-time-at-the-library-red\/\"title=\"Family Reading Time at the Library: Red\"rel=\"bookmark\">Family Reading Time at the Library: Red<\/a><\/h3>\n<p>12:30 pm<span> &#8211; <\/span>1:30 pm<span><\/span>Cuentacuentos<span>\u20ac5<\/span><\/li>\n<li ><ahref=\"https:\/\/madridwithkids.com\/es\/event\/taller-de-ilustracion-cientifica-el-jardin-vertical\/2026-04-25\/2\/\"rel=\"bookmark\"><span>Taller de Ilustraci\u00f3n Cient\u00edfica: El Jard\u00edn Vertical<\/span><imgsrc=\"https:\/\/madridwithkids.com\/wp-content\/uploads\/2026\/04\/Untitled-design-2026-04-05T185039.274.png\"role=\"presentation\"srcset=\"https:\/\/madridwithkids.com\/wp-content\/uploads\/2026\/04\/Untitled-design-2026-04-05T185039.274-300x169.png 300w, https:\/\/madridwithkids.com\/wp-content\/uploads\/2026\/04\/Untitled-design-2026-04-05T185039.274.png 640w\"alt=\"\"title=\"Untitled design &#8211; 2026-04-05T185039.274\"width=\"640\"height=\"360\"\/><\/a><span>Apr<\/span><span>25<\/span><br \/>\n<h3><ahref=\"https:\/\/madridwithkids.com\/es\/event\/taller-de-ilustracion-cientifica-el-jardin-vertical\/2026-04-25\/2\/\"title=\"Taller de Ilustraci\u00f3n Cient\u00edfica: El Jard\u00edn Vertical\"rel=\"bookmark\">Taller de Ilustraci\u00f3n Cient\u00edfica: El Jard\u00edn Vertical<\/a><\/h3>\n<p>4:00 pm<span> &#8211; <\/span>5:00 pm<span><ahref=\"https:\/\/madridwithkids.com\/es\/series\/taller-de-ilustracion-cientifica-el-jardin-vertical-2\/\"aria-label=\"Event series: Taller de Ilustraci\u00f3n Cient\u00edfica: El Jard\u00edn Vertical\"><\/a><\/span><span><\/span>Taller<span>\u20ac4<\/span><\/li>\n<li ><ahref=\"https:\/\/madridwithkids.com\/es\/event\/quieres-viajar-conmigo-sube-al-tren-de-la-musica\/2026-04-25\/\"rel=\"bookmark\"><span>\u00bfQuieres viajar conmigo? Sube al tren de la m\u00fasica<\/span><imgsrc=\"https:\/\/madridwithkids.com\/wp-content\/uploads\/2026\/04\/Untitled-design-2026-04-04T205526.430.png\"role=\"presentation\"srcset=\"https:\/\/madridwithkids.com\/wp-content\/uploads\/2026\/04\/Untitled-design-2026-04-04T205526.430-300x169.png 300w, https:\/\/madridwithkids.com\/wp-content\/uploads\/2026\/04\/Untitled-design-2026-04-04T205526.430.png 640w\"alt=\"\"width=\"640\"height=\"360\"\/><\/a><span>Apr<\/span><span>25<\/span><br \/>\n<h3><ahref=\"https:\/\/madridwithkids.com\/es\/event\/quieres-viajar-conmigo-sube-al-tren-de-la-musica\/2026-04-25\/\"title=\"\u00bfQuieres viajar conmigo? Sube al tren de la m\u00fasica\"rel=\"bookmark\">\u00bfQuieres viajar conmigo? Sube al tren de la m\u00fasica<\/a><\/h3>\n<p>5:30 pm<span> &#8211; <\/span>6:30 pm<span><\/span>Concierto<span>\u20ac4<\/span><\/li>\n<\/ul>\n<ul>\n<li><ahref=\"https:\/\/madridwithkids.com\/es\/events\/photo\/?attachment=admin-ajax.php&#038;shortcode=70fd4331&#038;eventDisplay=past\"rel=\"prev\"data-js=\"tribe-events-view-link\"aria-label=\"Previous Events\"title=\"Previous Events\"><span>Previous <span>Events<\/span><\/span><\/a><\/li>\n<li><ahref=\"https:\/\/madridwithkids.com\/es\/events\/photo\/?attachment=admin-ajax.php&#038;shortcode=70fd4331\"data-js=\"tribe-events-view-link\"aria-label=\"Click to select today&#039;s date\"title=\"Click to select today&#039;s date\">Today<\/a><\/li>\n<li><ahref=\"https:\/\/madridwithkids.com\/es\/events\/photo\/page\/2\/?shortcode=70fd4331\"rel=\"next\"data-js=\"tribe-events-view-link\"aria-label=\"Next Events\"title=\"Next Events\"><span>Next <span>Events<\/span><\/span><\/a><\/li>\n<\/ul>\n<p>Subscribe to calendar<\/p>\n<ul>\n<li><ahref=\"https:\/\/www.google.com\/calendar\/render?cid=webcal%3A%2F%2Fmadridwithkids.com%2Fes%2F%3Fpost_type%3Dtribe_events%26ical%3D1%26eventDisplay%3Dlist\"target=\"_blank\"rel=\"noopener noreferrer nofollow noindex\">Google Calendar<\/a><\/li>\n<li><ahref=\"webcal:\/\/madridwithkids.com\/es\/?post_type=tribe_events&#038;ical=1&#038;eventDisplay=list\"target=\"_blank\"rel=\"noopener noreferrer nofollow noindex\">iCalendar<\/a><\/li>\n<li><ahref=\"https:\/\/outlook.office.com\/owa?path=\/calendar\/action\/compose&#038;rru=addsubscription&#038;url=webcal%3A%2F%2Fmadridwithkids.com%2Fes%2F%3Fpost_type%3Dtribe_events%26ical%3D1%26eventDisplay%3Dlist&#038;name=Madrid+with+Kids+Upcoming+Events+\u2013+Madrid+with+Kids\"target=\"_blank\"rel=\"noopener noreferrer nofollow noindex\">Outlook 365<\/a><\/li>\n<li><ahref=\"https:\/\/outlook.live.com\/owa?path=\/calendar\/action\/compose&#038;rru=addsubscription&#038;url=webcal%3A%2F%2Fmadridwithkids.com%2Fes%2F%3Fpost_type%3Dtribe_events%26ical%3D1%26eventDisplay%3Dlist&#038;name=Madrid+with+Kids+Upcoming+Events+\u2013+Madrid+with+Kids\"target=\"_blank\"rel=\"noopener noreferrer nofollow noindex\">Outlook Live<\/a><\/li>\n<li><ahref=\"https:\/\/madridwithkids.com\/es\/?post_type=tribe_events&#038;eventDisplay=photo&#038;shortcode=70fd4331&#038;name=es&#038;ical=1\"target=\"_blank\"rel=\"noopener noreferrer nofollow noindex\">Export .ics file<\/a><\/li>\n<li><ahref=\"https:\/\/madridwithkids.com\/es\/?post_type=tribe_events&#038;outlook-ical=1#038;eventDisplay=photo&#038;shortcode=70fd4331&#038;name=es&#038;ical=1\"target=\"_blank\"rel=\"noopener noreferrer nofollow noindex\">Export Outlook .ics file<\/a><\/li>\n<\/ul>\n<p><span><a href=\"https:\/\/madridwithkids.com\/events\/\" target=\"_blank\"><img decoding=\"async\" alt=\"\" data-id=\"1906\" width=\"220\" data-init-width=\"584\" height=\"49\" data-init-height=\"130\" title=\"\" loading=\"lazy\" src=\"https:\/\/madridwithkids.com\/wp-content\/uploads\/2026\/04\/Screen-Shot-2026-04-19-at-12.10.15-AM.png\" data-width=\"220\" data-height=\"49\" style=\"aspect-ratio: auto 584 \/ 130;\" data-link-wrap=\"true\"><\/a><\/span><span><img decoding=\"async\" alt=\"\" data-id=\"1812\" width=\"229\" data-init-width=\"490\" height=\"78\" data-init-height=\"166\" title=\"\" loading=\"lazy\" src=\"https:\/\/madridwithkids.com\/wp-content\/uploads\/2026\/04\/Screen-Shot-2026-04-18-at-12.03.20-PM.png\" data-width=\"229\" data-height=\"78\" style=\"aspect-ratio: auto 490 \/ 166;\"><\/span><span><a href=\"https:\/\/madridwithkids.com\/es\/planes-con-ninos-en-madrid-18-26-abril-2026\/\" target=\"_blank\"><img decoding=\"async\" alt=\"\" data-id=\"1772\" width=\"270\" data-init-width=\"500\" height=\"270\" data-init-height=\"500\" title=\"\" loading=\"lazy\" src=\"https:\/\/madridwithkids.com\/wp-content\/uploads\/2026\/04\/Madrid-76.jpg\" data-width=\"270\" data-height=\"270\" style=\"aspect-ratio: auto 500 \/ 500;\" data-link-wrap=\"true\"><\/a><\/span><\/p>\n<p style=\"text-align: center;\"><a href=\"https:\/\/madridwithkids.com\/es\/planes-con-ninos-en-madrid-18-26-abril-2026\/\" target=\"_blank\" style=\"outline: none;\">Planes con ni\u00f1@s en Madrid<br \/>(18 &#8211; 26 abril, 2026)<\/a><\/p>\n<p><span><a href=\"https:\/\/madridwithkids.com\/es\/planes-con-ninos-en-madrid-11-19-abril-2026\/\" target=\"_blank\"><img decoding=\"async\" alt=\"\" data-id=\"1657\" width=\"270\" data-init-width=\"500\" height=\"270\" data-init-height=\"500\" title=\"\" loading=\"lazy\" src=\"https:\/\/madridwithkids.com\/wp-content\/uploads\/2026\/04\/32.jpg\" data-width=\"270\" data-height=\"270\" style=\"aspect-ratio: auto 500 \/ 500;\" data-link-wrap=\"true\"><\/a><\/span><\/p>\n<p style=\"text-align: center;\"><a href=\"https:\/\/madridwithkids.com\/es\/planes-con-ninos-en-madrid-11-19-abril-2026\/\" target=\"_blank\" style=\"outline: none;\">Planes con ni\u00f1@s en Madrid<br \/>(11 &#8211; 19 abril, 2026)<\/a><\/p>\n<p><span><a href=\"https:\/\/madridwithkids.com\/es\/planes-con-ninos-en-madrid-4-12-abril-2026\/\" target=\"_blank\"><img decoding=\"async\" alt=\"\" data-id=\"1397\" width=\"270\" data-init-width=\"500\" height=\"270\" data-init-height=\"500\" title=\"\" loading=\"lazy\" src=\"https:\/\/madridwithkids.com\/wp-content\/uploads\/2026\/04\/Madrid-73.jpg\" data-width=\"270\" data-height=\"270\" style=\"aspect-ratio: auto 500 \/ 500;\" data-link-wrap=\"true\"><\/a><\/span><\/p>\n<p style=\"text-align: center;\"><a href=\"https:\/\/madridwithkids.com\/es\/planes-con-ninos-en-madrid-4-12-abril-2026\/\" target=\"_blank\" style=\"outline: none;\">Planes con ni\u00f1@s en Madrid<br \/>(4 &#8211; 12 abril, 2026)<\/a><\/p>\n<p><span><img decoding=\"async\" alt=\"\" data-id=\"1891\" width=\"248\" data-init-width=\"614\" height=\"65\" data-init-height=\"160\" title=\"\" loading=\"lazy\" src=\"https:\/\/madridwithkids.com\/wp-content\/uploads\/2026\/04\/Screen-Shot-2026-04-18-at-11.58.29-PM.png\" data-width=\"248\" data-height=\"65\" style=\"aspect-ratio: auto 614 \/ 160;\"><\/span><span><img decoding=\"async\" alt=\"\" data-id=\"391\" width=\"256\" data-init-width=\"500\" height=\"256\" data-init-height=\"500\" title=\"Things to do\" loading=\"lazy\" src=\"https:\/\/madridwithkids.com\/wp-content\/uploads\/2026\/01\/38.jpg\" data-width=\"256\" data-height=\"256\" style=\"aspect-ratio: auto 500 \/ 500;\"><\/span><span><img decoding=\"async\" alt=\"\" data-id=\"392\" width=\"256\" data-init-width=\"500\" height=\"256\" data-init-height=\"500\" title=\"Neighborhood Guides\" loading=\"lazy\" src=\"https:\/\/madridwithkids.com\/wp-content\/uploads\/2026\/01\/39.jpg\" data-width=\"256\" data-height=\"256\" style=\"aspect-ratio: auto 500 \/ 500;\"><\/span><span><img decoding=\"async\" alt=\"\" data-id=\"390\" width=\"256\" data-init-width=\"500\" height=\"256\" data-init-height=\"500\" title=\"Eating Out With Kids\" loading=\"lazy\" src=\"https:\/\/madridwithkids.com\/wp-content\/uploads\/2026\/01\/37.jpg\" data-width=\"256\" data-height=\"256\" style=\"aspect-ratio: auto 500 \/ 500;\"><\/span><span><img decoding=\"async\" alt=\"\" data-id=\"400\" width=\"474\" data-init-width=\"2560\" height=\"474\" data-init-height=\"2560\" title=\"Madrid with Kids\" loading=\"lazy\" src=\"https:\/\/madridwithkids.com\/wp-content\/uploads\/2026\/01\/\u00a1Hola-1-scaled.png\" data-width=\"474\" data-height=\"474\" style=\"aspect-ratio: auto 2560 \/ 2560;\"><\/span><span><img decoding=\"async\" alt=\"\" data-id=\"1898\" width=\"305\" data-init-width=\"752\" height=\"64\" data-init-height=\"158\" title=\"\" loading=\"lazy\" src=\"https:\/\/madridwithkids.com\/wp-content\/uploads\/2026\/04\/Screen-Shot-2026-04-19-at-12.04.34-AM.png\" data-width=\"305\" data-height=\"64\" style=\"aspect-ratio: auto 752 \/ 158;\"><\/span><\/p>\n<p data-end=\"155\" data-start=\"66\" style=\"text-align: left;\">Hola, soy Samara, una neoyorquina afincada en Madrid desde el a\u00f1o 2000, que redescubri\u00f3 la magia de la ciudad cuando me convert\u00ed en madre de dos hij@s.<\/p>\n<p>Estoy aqu\u00ed para hacerte la vida m\u00e1s f\u00e1cil compartiendo planes familiares \u00fanicos e interesantes, actividades y tesoros ocultos de Madrid.<\/p>\n<p>Nuestras actividades favoritas: apostar fuerte en la sala de juegos Guay Panda, desafiar la gravedad escalando en Sharma y fingir que los churros son una opci\u00f3n alimenticia equilibrada.<\/p>\n<p>Si hay algo divertido que hacer con peques en esta ciudad, lo m\u00e1s probable es que yo lo haya encontrado (o que ya est\u00e9 en camino).<\/p>\n<p><span><img decoding=\"async\" alt=\"\" data-id=\"695\" width=\"525\" data-init-width=\"952\" height=\"55\" data-init-height=\"100\" title=\"\" loading=\"lazy\" src=\"https:\/\/madridwithkids.com\/wp-content\/uploads\/2026\/03\/Screen-Shot-2026-03-07-at-5.37.50-PM.png\" data-width=\"525\" data-height=\"55\" style=\"aspect-ratio: auto 952 \/ 100;\"><\/span><span><img decoding=\"async\" alt=\"\" data-id=\"683\" width=\"300\" data-init-width=\"500\" height=\"300\" data-init-height=\"500\" title=\"\" loading=\"lazy\" src=\"https:\/\/madridwithkids.com\/wp-content\/uploads\/2026\/03\/Madrid-69.jpg\" data-width=\"300\" data-height=\"300\" style=\"aspect-ratio: auto 500 \/ 500;\"><\/span><span><img decoding=\"async\" alt=\"\" data-id=\"681\" width=\"300\" data-init-width=\"500\" height=\"300\" data-init-height=\"500\" title=\"\" loading=\"lazy\" src=\"https:\/\/madridwithkids.com\/wp-content\/uploads\/2026\/03\/Madrid-70.jpg\" data-width=\"300\" data-height=\"300\" style=\"aspect-ratio: auto 500 \/ 500;\"><\/span><span><img decoding=\"async\" alt=\"\" data-id=\"679\" width=\"300\" data-init-width=\"500\" height=\"300\" data-init-height=\"500\" title=\"\" loading=\"lazy\" src=\"https:\/\/madridwithkids.com\/wp-content\/uploads\/2026\/03\/Madrid-71.jpg\" data-width=\"300\" data-height=\"300\" style=\"aspect-ratio: auto 500 \/ 500;\"><\/span><span><img decoding=\"async\" alt=\"\" data-id=\"1893\" width=\"239\" data-init-width=\"520\" height=\"71\" data-init-height=\"154\" title=\"\" loading=\"lazy\" src=\"https:\/\/madridwithkids.com\/wp-content\/uploads\/2026\/04\/Screen-Shot-2026-04-19-at-12.00.16-AM.png\" data-width=\"239\" data-height=\"71\" style=\"aspect-ratio: auto 520 \/ 154;\"><\/span><span><a href=\"https:\/\/joyofdance.es\/\" target=\"_blank\" rel=\"noopener\"><img decoding=\"async\" alt=\"\" data-id=\"726\" width=\"270\" data-init-width=\"500\" height=\"270\" data-init-height=\"500\" title=\"Joy of Dance\" loading=\"lazy\" src=\"https:\/\/madridwithkids.com\/wp-content\/uploads\/2026\/03\/203.jpg\" data-width=\"270\" data-height=\"270\" style=\"aspect-ratio: auto 500 \/ 500;\" data-link-wrap=\"true\"><\/a><\/span><\/p>\n<p style=\"text-align: center;\">&lt;&lt; Joy of Dance &gt;&gt;<\/p>\n<p><span><a href=\"https:\/\/rewild-child.com\/\" target=\"_blank\" rel=\"noopener\"><img decoding=\"async\" alt=\"\" data-id=\"728\" width=\"270\" data-init-width=\"500\" height=\"270\" data-init-height=\"500\" title=\"ReWild Child\" loading=\"lazy\" src=\"https:\/\/madridwithkids.com\/wp-content\/uploads\/2026\/03\/204.jpg\" data-width=\"270\" data-height=\"270\" style=\"aspect-ratio: auto 500 \/ 500;\" data-link-wrap=\"true\"><\/a><\/span><\/p>\n<p style=\"text-align: center;\">&lt;&lt; ReWild Child &gt;&gt;<\/p>\n<p><span><a href=\"https:\/\/www.littlekickers.es\/find-a-class\" target=\"_blank\" rel=\"noopener\"><img decoding=\"async\" alt=\"\" data-id=\"739\" width=\"270\" data-init-width=\"500\" height=\"270\" data-init-height=\"500\" title=\"\" loading=\"lazy\" src=\"https:\/\/madridwithkids.com\/wp-content\/uploads\/2026\/03\/Madrid-72.jpg\" data-width=\"270\" data-height=\"270\" style=\"aspect-ratio: auto 500 \/ 500;\" data-link-wrap=\"true\"><\/a><\/span><\/p>\n<p style=\"text-align: center;\">&lt;&lt; Little Kickers &gt;&gt;<\/p>\n<p><span style=\"\"><img decoding=\"async\" alt=\"\" data-id=\"1908\" width=\"406\" data-init-width=\"1148\" height=\"91\" data-init-height=\"256\" title=\"\" loading=\"lazy\" src=\"https:\/\/madridwithkids.com\/wp-content\/uploads\/2026\/04\/Screen-Shot-2026-04-19-at-12.09.46-AM.png\" data-width=\"406\" data-height=\"91\" style=\"aspect-ratio: auto 1148 \/ 256;\" ml-d=\"0\" mt-d=\"0\"><\/span><\/p>\n<p style=\"text-align: center;\"><span><strong>Xavi<\/strong> \/\/ Pap\u00e1 de 2<\/span><\/p>\n<p style=\"\">\u00abSe lo reenv\u00edo a mis amigos constantemente porque es muy \u00fatil. Es el primer bolet\u00edn que recomiendo a las nuevas familias que llegan a Madrid.\u00bb<\/p>\n<p style=\"text-align: center;\"><span><strong>Carmel<\/strong> \/\/ Mam\u00e1 de 2<\/span><\/p>\n<p style=\"\">\u00abSiempre incluye planes geniales que nunca encontrar\u00eda por mi cuenta. \u00a1De repente, Madrid parece estar llena de tesoros ocultos!\u00bb<\/p>\n<p style=\"text-align: center;\"><span style=\"\"><strong>Ana<\/strong> \/\/ Mam\u00e1 de 1<\/span><\/p>\n<p style=\"\">\u00abHemos asistido a actividades en librer\u00edas, bibliotecas y el Prado, \u00a1y nunca nos habr\u00edamos enterado de ellas si no fuera por el bolet\u00edn informativo!\u00bb<\/p>\n<p style=\"text-align: center;\"><span><strong>Kate&nbsp;<\/strong>\/\/ Mam\u00e1 de 2<\/span><\/p>\n<p style=\"\">\u00abTodos los planes del fin de semana en un solo correo electr\u00f3nico. Me ahorra horas de b\u00fasqueda y me hace parecer mucho m\u00e1s organizado de lo que realmente soy.\u00bb<\/p>\n<p style=\"text-align: center;\"><strong><span style=\"\">Denise<\/span><span style=\"\">&nbsp;<\/span><\/strong><span style=\"\">\/\/ Mam\u00e1 de 2<\/span><\/p>\n<p style=\"\">\u00abEl bolet\u00edn nos ha ayudado mucho a planificar nuestros fines de semana y disfrutar de un mont\u00f3n de actividades \u00fanicas.\u00bb<\/p>\n<p style=\"text-align: center;\"><span><strong>Andrew&nbsp;<\/strong>\/\/ Pap\u00e1 de 3<\/span><\/p>\n<p style=\"\">\u00ab\u00a1Madrid con Peques es como tener un amigo conectado que siempre conoce los mejores planes antes que nadie!\u00bb<\/p>\n<p><span style=\"\"><img decoding=\"async\" alt=\"\" data-id=\"686\" width=\"342\" data-init-width=\"746\" height=\"67\" data-init-height=\"146\" title=\"\" loading=\"lazy\" src=\"https:\/\/madridwithkids.com\/wp-content\/uploads\/2026\/03\/Screen-Shot-2026-03-07-at-5.09.36-PM.png\" data-width=\"342\" data-height=\"67\" style=\"aspect-ratio: auto 746 \/ 146;\" mt-d=\"-3.125\" ml-d=\"0\" ml-m=\"0\" mt-m=\"-2.632800000000003\"><\/span><\/p>\n<p style=\"text-align: center;\"><strong>Escr\u00edbeme:<\/strong> samara [at] madridconpeques.com<\/p>\n<p style=\"text-align: center;\"><\/p>\n","protected":false},"excerpt":{"rendered":"<p>menos planificaci\u00f3n, m\u00e1s diversi\u00f3n \u00danete a miles de mam\u00e1s y pap\u00e1s en Madrid que ya est\u00e1n descubriendo los mejores planes con peques, cada semana en tu correo, gratis Si el&#8230;<\/p>\n","protected":false},"author":1,"featured_media":0,"parent":0,"menu_order":0,"comment_status":"closed","ping_status":"closed","template":"","meta":{"_kad_post_transparent":"","_kad_post_title":"","_kad_post_layout":"","_kad_post_sidebar_id":"","_kad_post_content_style":"","_kad_post_vertical_padding":"","_kad_post_feature":"","_kad_post_feature_position":"","_kad_post_header":false,"_kad_post_footer":false,"_kad_post_classname":"","footnotes":""},"class_list":["post-642","page","type-page","status-publish","hentry"],"_links":{"self":[{"href":"https:\/\/madridwithkids.com\/es\/wp-json\/wp\/v2\/pages\/642","targetHints":{"allow":["GET"]}}],"collection":[{"href":"https:\/\/madridwithkids.com\/es\/wp-json\/wp\/v2\/pages"}],"about":[{"href":"https:\/\/madridwithkids.com\/es\/wp-json\/wp\/v2\/types\/page"}],"author":[{"embeddable":true,"href":"https:\/\/madridwithkids.com\/es\/wp-json\/wp\/v2\/users\/1"}],"replies":[{"embeddable":true,"href":"https:\/\/madridwithkids.com\/es\/wp-json\/wp\/v2\/comments?post=642"}],"version-history":[{"count":67,"href":"https:\/\/madridwithkids.com\/es\/wp-json\/wp\/v2\/pages\/642\/revisions"}],"predecessor-version":[{"id":1950,"href":"https:\/\/madridwithkids.com\/es\/wp-json\/wp\/v2\/pages\/642\/revisions\/1950"}],"wp:attachment":[{"href":"https:\/\/madridwithkids.com\/es\/wp-json\/wp\/v2\/media?parent=642"}],"curies":[{"name":"wp","href":"https:\/\/api.w.org\/{rel}","templated":true}]}}